{"id":4555,"date":"2025-01-17T10:42:33","date_gmt":"2025-01-17T10:42:33","guid":{"rendered":"https:\/\/dev.damabe.es\/?page_id=4555"},"modified":"2025-02-05T11:01:44","modified_gmt":"2025-02-05T11:01:44","slug":"sobre-nosotros","status":"publish","type":"page","link":"https:\/\/damabe.es\/en\/sobre-nosotros\/","title":{"rendered":"Sobre nosotros"},"content":{"rendered":"<div data-elementor-type=\"wp-page\" data-elementor-id=\"4555\" class=\"elementor elementor-4555\">\n\t\t\t\t<div class=\"elementor-element elementor-element-4620ed0 e-con-full qodef-elementor-content-grid e-flex wpr-particle-no wpr-jarallax-no wpr-parallax-no wpr-sticky-section-no e-con e-parent\" data-id=\"4620ed0\" data-element_type=\"container\" data-settings=\"{&quot;background_background&quot;:&quot;classic&quot;}\">\n\t\t<div class=\"elementor-element elementor-element-d1fa8ba e-con-full e-flex wpr-particle-no wpr-jarallax-no wpr-parallax-no wpr-sticky-section-no e-con e-child\" data-id=\"d1fa8ba\" data-element_type=\"container\">\n\t\t\t\t<div class=\"elementor-element elementor-element-b3b9184 elementor-widget__width-initial elementor-widget-tablet__width-inherit elementor-widget-mobile__width-inherit elementor-widget elementor-widget-elfrida_core_info_section\" data-id=\"b3b9184\" data-element_type=\"widget\" data-widget_type=\"elfrida_core_info_section.default\">\n\t\t\t\t<div class=\"elementor-widget-container\">\n\t\t\t\t\t<div class=\"qodef-shortcode qodef-m  qodef-info-section qodef-layout--background-text  qodef-background-text-pos--top-left\">\n\t<div class=\"qodef-m-background-text qodef--has-appear\">\n\t\t\t<span class=\"qodef-m-background-text-text\" style=\"color: #F0F0E6\" >\n\t\t<span class=\"qodef--word\" data-word=\"Damabe\"><span class=\"qode--char\" style=\"--qode-i:0\">D<\/span><span class=\"qode--char\" style=\"--qode-i:1\">a<\/span><span class=\"qode--char\" style=\"--qode-i:2\">m<\/span><span class=\"qode--char\" style=\"--qode-i:3\">a<\/span><span class=\"qode--char\" style=\"--qode-i:4\">b<\/span><span class=\"qode--char\" style=\"--qode-i:5\">e<\/span><\/span>\t<\/span>\n\t<\/div>\n\t<div class=\"qodef-m-info\">\n\t\t\t<h3 class=\"qodef-m-title\" >\n\t\tBienvenidos a Damabe\t<\/h3>\n\t\t\t<p class=\"qodef-m-text\" >Somos una tienda de ropa que se caracteriza por la confecci\u00f3n artesanal de cada prenda. Aqu\u00ed no encontrar\u00e1s grandes cantidades de stock, pero s\u00ed piezas \u00fanicas, elaboradas con amor y dedicaci\u00f3n. Cada creaci\u00f3n est\u00e1 pensada para resaltar tu estilo personal, y cada detalle refleja el compromiso con la calidad y el dise\u00f1o. \u00a1Gracias por ser parte de nuestra historia y apoyarnos en cada paso!<\/p>\n\t\t\t<\/div>\n<\/div>\n\t\t\t\t<\/div>\n\t\t\t\t<\/div>\n\t\t\t\t<\/div>\n\t\t<div class=\"elementor-element elementor-element-f5e0312 e-con-full e-flex wpr-particle-no wpr-jarallax-no wpr-parallax-no wpr-sticky-section-no e-con e-child\" data-id=\"f5e0312\" data-element_type=\"container\" data-settings=\"{&quot;background_background&quot;:&quot;classic&quot;}\">\n\t\t\t\t<div class=\"elementor-element elementor-element-a491bdb elementor-widget__width-initial elementor-widget-tablet__width-inherit elementor-widget elementor-widget-elfrida_core_single_image\" data-id=\"a491bdb\" data-element_type=\"widget\" data-widget_type=\"elfrida_core_single_image.default\">\n\t\t\t\t<div class=\"elementor-widget-container\">\n\t\t\t\t\t<div class=\"qodef-shortcode qodef-m  qodef-single-image qodef-layout--default     qodef--has-appear qodef-appear--reveal-from-right\"  >\n\t\t\t<div class=\"qodef-m-image\">\n\t\t\t\t\t\t\t\t<img fetchpriority=\"high\" decoding=\"async\" width=\"1709\" height=\"2560\" src=\"https:\/\/damabe.es\/wp-content\/uploads\/2025\/01\/seccion-inicio-scaled.jpg\" class=\"attachment-full size-full\" alt=\"flores con tonos azulados\" srcset=\"https:\/\/damabe.es\/wp-content\/uploads\/2025\/01\/seccion-inicio-scaled.jpg 1709w, https:\/\/damabe.es\/wp-content\/uploads\/2025\/01\/seccion-inicio-200x300.jpg 200w, https:\/\/damabe.es\/wp-content\/uploads\/2025\/01\/seccion-inicio-684x1024.jpg 684w, https:\/\/damabe.es\/wp-content\/uploads\/2025\/01\/seccion-inicio-768x1150.jpg 768w, https:\/\/damabe.es\/wp-content\/uploads\/2025\/01\/seccion-inicio-1025x1536.jpg 1025w, https:\/\/damabe.es\/wp-content\/uploads\/2025\/01\/seccion-inicio-1367x2048.jpg 1367w, https:\/\/damabe.es\/wp-content\/uploads\/2025\/01\/seccion-inicio-600x899.jpg 600w\" sizes=\"(max-width: 1709px) 100vw, 1709px\" \/>\t\t\t\t\t\t\t<\/div>\n\t<\/div>\n\t\t\t\t<\/div>\n\t\t\t\t<\/div>\n\t\t\t\t<\/div>\n\t\t\t\t<\/div>\n\t\t<div class=\"elementor-element elementor-element-8d584b9 e-con-full e-flex wpr-particle-no wpr-jarallax-no wpr-parallax-no wpr-sticky-section-no e-con e-parent\" data-id=\"8d584b9\" data-element_type=\"container\">\n\t\t\t\t<div class=\"elementor-element elementor-element-f637888 elementor-widget elementor-widget-qi_addons_for_elementor_product_category_list\" data-id=\"f637888\" data-element_type=\"widget\" data-widget_type=\"qi_addons_for_elementor_product_category_list.default\">\n\t\t\t\t<div class=\"elementor-widget-container\">\n\t\t\t\t\t<div class=\"qodef-shortcode qodef-m qodef-addons-woo-shortcode qodef-qi-woo-product-category-list qodef-item-layout--info-on-image-boxed qodef-image--hover-zoom qodef-qi-grid qodef-layout--qi-columns qodef-col-num--3 qodef-item-layout--info-on-image-boxed qodef-responsive--predefined\">\n\t<div class=\"qodef-grid-inner\">\n\t\t<div class=\"qodef-e qodef-grid-item product-category product first\">\n\t<a href=\"https:\/\/damabe.es\/en\/product-category\/vestidos\/\">\n\t\t\t<div class=\"qodef-e-img-holder\">\n\t\t<img decoding=\"async\" width=\"1000\" height=\"1000\" src=\"https:\/\/damabe.es\/wp-content\/uploads\/2025\/02\/3-3.png\" class=\"attachment-full size-full\" alt=\"\" srcset=\"https:\/\/damabe.es\/wp-content\/uploads\/2025\/02\/3-3.png 1000w, https:\/\/damabe.es\/wp-content\/uploads\/2025\/02\/3-3-300x300.png 300w, https:\/\/damabe.es\/wp-content\/uploads\/2025\/02\/3-3-150x150.png 150w, https:\/\/damabe.es\/wp-content\/uploads\/2025\/02\/3-3-768x768.png 768w, https:\/\/damabe.es\/wp-content\/uploads\/2025\/02\/3-3-650x650.png 650w, https:\/\/damabe.es\/wp-content\/uploads\/2025\/02\/3-3-600x600.png 600w, https:\/\/damabe.es\/wp-content\/uploads\/2025\/02\/3-3-100x100.png 100w\" sizes=\"(max-width: 1000px) 100vw, 1000px\" \/>\t<\/div>\n\t\t\t<h5 class=\"qodef-e-title woocommerce-loop-category__title\">\n\t\tVestidos\t<\/h5>\n\t<\/a>\n<\/div>\n<div class=\"qodef-e qodef-grid-item product-category product\">\n\t<a href=\"https:\/\/damabe.es\/en\/product-category\/pantalones\/\">\n\t\t\t<div class=\"qodef-e-img-holder\">\n\t\t<img decoding=\"async\" width=\"1000\" height=\"1000\" src=\"https:\/\/damabe.es\/wp-content\/uploads\/2025\/02\/6-6.png\" class=\"attachment-full size-full\" alt=\"\" srcset=\"https:\/\/damabe.es\/wp-content\/uploads\/2025\/02\/6-6.png 1000w, https:\/\/damabe.es\/wp-content\/uploads\/2025\/02\/6-6-300x300.png 300w, https:\/\/damabe.es\/wp-content\/uploads\/2025\/02\/6-6-150x150.png 150w, https:\/\/damabe.es\/wp-content\/uploads\/2025\/02\/6-6-768x768.png 768w, https:\/\/damabe.es\/wp-content\/uploads\/2025\/02\/6-6-650x650.png 650w, https:\/\/damabe.es\/wp-content\/uploads\/2025\/02\/6-6-600x600.png 600w, https:\/\/damabe.es\/wp-content\/uploads\/2025\/02\/6-6-100x100.png 100w\" sizes=\"(max-width: 1000px) 100vw, 1000px\" \/>\t<\/div>\n\t\t\t<h5 class=\"qodef-e-title woocommerce-loop-category__title\">\n\t\tPantalones\t<\/h5>\n\t<\/a>\n<\/div>\n<div class=\"qodef-e qodef-grid-item product-category product last\">\n\t<a href=\"https:\/\/damabe.es\/en\/product-category\/faldas\/\">\n\t\t\t<div class=\"qodef-e-img-holder\">\n\t\t<img loading=\"lazy\" decoding=\"async\" width=\"1000\" height=\"1000\" src=\"https:\/\/damabe.es\/wp-content\/uploads\/2025\/02\/2-2.png\" class=\"attachment-full size-full\" alt=\"\" srcset=\"https:\/\/damabe.es\/wp-content\/uploads\/2025\/02\/2-2.png 1000w, https:\/\/damabe.es\/wp-content\/uploads\/2025\/02\/2-2-300x300.png 300w, https:\/\/damabe.es\/wp-content\/uploads\/2025\/02\/2-2-150x150.png 150w, https:\/\/damabe.es\/wp-content\/uploads\/2025\/02\/2-2-768x768.png 768w, https:\/\/damabe.es\/wp-content\/uploads\/2025\/02\/2-2-650x650.png 650w, https:\/\/damabe.es\/wp-content\/uploads\/2025\/02\/2-2-600x600.png 600w, https:\/\/damabe.es\/wp-content\/uploads\/2025\/02\/2-2-100x100.png 100w\" sizes=\"(max-width: 1000px) 100vw, 1000px\" \/>\t<\/div>\n\t\t\t<h5 class=\"qodef-e-title woocommerce-loop-category__title\">\n\t\tFaldas\t<\/h5>\n\t<\/a>\n<\/div>\n\t<\/div>\n<\/div>\n\t\t\t\t<\/div>\n\t\t\t\t<\/div>\n\t\t\t\t<\/div>\n\t\t<div class=\"elementor-element elementor-element-7ef5770 e-con-full e-flex wpr-particle-no wpr-jarallax-no wpr-parallax-no wpr-sticky-section-no e-con e-parent\" data-id=\"7ef5770\" data-element_type=\"container\" data-settings=\"{&quot;background_background&quot;:&quot;classic&quot;}\">\n\t\t<div class=\"elementor-element elementor-element-a962e03 e-con-full e-flex wpr-particle-no wpr-jarallax-no wpr-parallax-no wpr-sticky-section-no e-con e-child\" data-id=\"a962e03\" data-element_type=\"container\">\n\t\t\t\t<div class=\"elementor-element elementor-element-e1a2bf2 elementor-widget__width-initial elementor-widget elementor-widget-text-editor\" data-id=\"e1a2bf2\" data-element_type=\"widget\" data-widget_type=\"text-editor.default\">\n\t\t\t\t<div class=\"elementor-widget-container\">\n\t\t\t\t\t\t\t\t\t<blockquote><p>\u00abPrendas esenciales dise\u00f1adas para elevar tu armario y resaltar tu estilo \u00fanico.\u00bb<\/p><\/blockquote>\t\t\t\t\t\t\t\t<\/div>\n\t\t\t\t<\/div>\n\t\t\t\t<\/div>\n\t\t<div class=\"elementor-element elementor-element-a0556ec e-con-full qodef--custom-appear qodef-appear--reveal-from-left e-flex wpr-particle-no wpr-jarallax-no wpr-parallax-no wpr-sticky-section-no e-con e-child\" data-id=\"a0556ec\" data-element_type=\"container\" data-settings=\"{&quot;background_background&quot;:&quot;classic&quot;}\">\n\t\t\t\t<div class=\"elementor-element elementor-element-6288c95 elementor-widget elementor-widget-spacer\" data-id=\"6288c95\" data-element_type=\"widget\" data-widget_type=\"spacer.default\">\n\t\t\t\t<div class=\"elementor-widget-container\">\n\t\t\t\t\t\t\t<div class=\"elementor-spacer\">\n\t\t\t<div class=\"elementor-spacer-inner\"><\/div>\n\t\t<\/div>\n\t\t\t\t\t\t<\/div>\n\t\t\t\t<\/div>\n\t\t\t\t<\/div>\n\t\t\t\t<\/div>\n\t\t\t\t<\/div>","protected":false},"excerpt":{"rendered":"<p>Damabe Bienvenidos a Damabe Somos una tienda de ropa que se caracteriza por la confecci\u00f3n artesanal de cada prenda. Aqu\u00ed no encontrar\u00e1s grandes cantidades de stock, pero s\u00ed piezas \u00fanicas, elaboradas con amor y dedicaci\u00f3n. Cada creaci\u00f3n est\u00e1 pensada para resaltar tu estilo personal, y cada detalle refleja el compromiso con la calidad y el dise\u00f1o. \u00a1Gracias por ser parte de nuestra historia y apoyarnos en cada paso! Vestidos Pantalones Faldas \u00abPrendas esenciales dise\u00f1adas para elevar tu armario y resaltar tu estilo \u00fanico.\u00bb<\/p>","protected":false},"author":1,"featured_media":0,"parent":0,"menu_order":0,"comment_status":"closed","ping_status":"closed","template":"page-full-width.php","meta":{"footnotes":""},"class_list":["post-4555","page","type-page","status-publish","hentry"],"yoast_head":"<!-- This site is optimized with the Yoast SEO plugin v26.2 - https:\/\/yoast.com\/wordpress\/plugins\/seo\/ -->\n<title>Sobre nosotros - Damabe<\/title>\n<meta name=\"robots\" content=\"noindex, follow, max-snippet:-1, max-image-preview:large, max-video-preview:-1\" \/>\n<meta property=\"og:locale\" content=\"en_US\" \/>\n<meta property=\"og:type\" content=\"article\" \/>\n<meta property=\"og:title\" content=\"Sobre nosotros - Damabe\" \/>\n<meta property=\"og:description\" content=\"Damabe Bienvenidos a Damabe Somos una tienda de ropa que se caracteriza por la confecci\u00f3n artesanal de cada prenda. Aqu\u00ed no encontrar\u00e1s grandes cantidades de stock, pero s\u00ed piezas \u00fanicas, elaboradas con amor y dedicaci\u00f3n. Cada creaci\u00f3n est\u00e1 pensada para resaltar tu estilo personal, y cada detalle refleja el compromiso con la calidad y el dise\u00f1o. \u00a1Gracias por ser parte de nuestra historia y apoyarnos en cada paso! Vestidos Pantalones Faldas \u00abPrendas esenciales dise\u00f1adas para elevar tu armario y resaltar tu estilo \u00fanico.\u00bb\" \/>\n<meta property=\"og:url\" content=\"https:\/\/damabe.es\/en\/sobre-nosotros\/\" \/>\n<meta property=\"og:site_name\" content=\"Damabe\" \/>\n<meta property=\"article:modified_time\" content=\"2025-02-05T11:01:44+00:00\" \/>\n<meta property=\"og:image\" content=\"https:\/\/damabe.es\/wp-content\/uploads\/2025\/01\/seccion-inicio-scaled.jpg\" \/>\n<meta name=\"twitter:card\" content=\"summary_large_image\" \/>\n<meta name=\"twitter:label1\" content=\"Est. reading time\" \/>\n\t<meta name=\"twitter:data1\" content=\"2 minutes\" \/>\n<script type=\"application\/ld+json\" class=\"yoast-schema-graph\">{\"@context\":\"https:\/\/schema.org\",\"@graph\":[{\"@type\":\"WebPage\",\"@id\":\"https:\/\/damabe.es\/sobre-nosotros\/\",\"url\":\"https:\/\/damabe.es\/sobre-nosotros\/\",\"name\":\"Sobre nosotros - Damabe\",\"isPartOf\":{\"@id\":\"https:\/\/damabe.es\/#website\"},\"primaryImageOfPage\":{\"@id\":\"https:\/\/damabe.es\/sobre-nosotros\/#primaryimage\"},\"image\":{\"@id\":\"https:\/\/damabe.es\/sobre-nosotros\/#primaryimage\"},\"thumbnailUrl\":\"https:\/\/damabe.es\/wp-content\/uploads\/2025\/01\/seccion-inicio-scaled.jpg\",\"datePublished\":\"2025-01-17T10:42:33+00:00\",\"dateModified\":\"2025-02-05T11:01:44+00:00\",\"breadcrumb\":{\"@id\":\"https:\/\/damabe.es\/sobre-nosotros\/#breadcrumb\"},\"inLanguage\":\"en-US\",\"potentialAction\":[{\"@type\":\"ReadAction\",\"target\":[\"https:\/\/damabe.es\/sobre-nosotros\/\"]}]},{\"@type\":\"ImageObject\",\"inLanguage\":\"en-US\",\"@id\":\"https:\/\/damabe.es\/sobre-nosotros\/#primaryimage\",\"url\":\"https:\/\/damabe.es\/wp-content\/uploads\/2025\/01\/seccion-inicio-scaled.jpg\",\"contentUrl\":\"https:\/\/damabe.es\/wp-content\/uploads\/2025\/01\/seccion-inicio-scaled.jpg\"},{\"@type\":\"BreadcrumbList\",\"@id\":\"https:\/\/damabe.es\/sobre-nosotros\/#breadcrumb\",\"itemListElement\":[{\"@type\":\"ListItem\",\"position\":1,\"name\":\"Portada\",\"item\":\"https:\/\/damabe.es\/\"},{\"@type\":\"ListItem\",\"position\":2,\"name\":\"Sobre nosotros\"}]},{\"@type\":\"WebSite\",\"@id\":\"https:\/\/damabe.es\/#website\",\"url\":\"https:\/\/damabe.es\/\",\"name\":\"Damabe\",\"description\":\"Tienda de ropa\",\"publisher\":{\"@id\":\"https:\/\/damabe.es\/#organization\"},\"potentialAction\":[{\"@type\":\"SearchAction\",\"target\":{\"@type\":\"EntryPoint\",\"urlTemplate\":\"https:\/\/damabe.es\/?s={search_term_string}\"},\"query-input\":{\"@type\":\"PropertyValueSpecification\",\"valueRequired\":true,\"valueName\":\"search_term_string\"}}],\"inLanguage\":\"en-US\"},{\"@type\":\"Organization\",\"@id\":\"https:\/\/damabe.es\/#organization\",\"name\":\"Damabe\",\"url\":\"https:\/\/damabe.es\/\",\"logo\":{\"@type\":\"ImageObject\",\"inLanguage\":\"en-US\",\"@id\":\"https:\/\/damabe.es\/#\/schema\/logo\/image\/\",\"url\":\"https:\/\/damabe.es\/wp-content\/uploads\/2025\/02\/cropped-logo-leila-damabe-sin-fondo-blanco.png\",\"contentUrl\":\"https:\/\/damabe.es\/wp-content\/uploads\/2025\/02\/cropped-logo-leila-damabe-sin-fondo-blanco.png\",\"width\":498,\"height\":215,\"caption\":\"Damabe\"},\"image\":{\"@id\":\"https:\/\/damabe.es\/#\/schema\/logo\/image\/\"}}]}<\/script>\n<!-- \/ Yoast SEO plugin. -->","yoast_head_json":{"title":"Sobre nosotros - Damabe","robots":{"index":"noindex","follow":"follow","max-snippet":"max-snippet:-1","max-image-preview":"max-image-preview:large","max-video-preview":"max-video-preview:-1"},"og_locale":"en_US","og_type":"article","og_title":"Sobre nosotros - Damabe","og_description":"Damabe Bienvenidos a Damabe Somos una tienda de ropa que se caracteriza por la confecci\u00f3n artesanal de cada prenda. Aqu\u00ed no encontrar\u00e1s grandes cantidades de stock, pero s\u00ed piezas \u00fanicas, elaboradas con amor y dedicaci\u00f3n. Cada creaci\u00f3n est\u00e1 pensada para resaltar tu estilo personal, y cada detalle refleja el compromiso con la calidad y el dise\u00f1o. \u00a1Gracias por ser parte de nuestra historia y apoyarnos en cada paso! Vestidos Pantalones Faldas \u00abPrendas esenciales dise\u00f1adas para elevar tu armario y resaltar tu estilo \u00fanico.\u00bb","og_url":"https:\/\/damabe.es\/en\/sobre-nosotros\/","og_site_name":"Damabe","article_modified_time":"2025-02-05T11:01:44+00:00","og_image":[{"url":"https:\/\/damabe.es\/wp-content\/uploads\/2025\/01\/seccion-inicio-scaled.jpg","type":"","width":"","height":""}],"twitter_card":"summary_large_image","twitter_misc":{"Est. reading time":"2 minutes"},"schema":{"@context":"https:\/\/schema.org","@graph":[{"@type":"WebPage","@id":"https:\/\/damabe.es\/sobre-nosotros\/","url":"https:\/\/damabe.es\/sobre-nosotros\/","name":"Sobre nosotros - Damabe","isPartOf":{"@id":"https:\/\/damabe.es\/#website"},"primaryImageOfPage":{"@id":"https:\/\/damabe.es\/sobre-nosotros\/#primaryimage"},"image":{"@id":"https:\/\/damabe.es\/sobre-nosotros\/#primaryimage"},"thumbnailUrl":"https:\/\/damabe.es\/wp-content\/uploads\/2025\/01\/seccion-inicio-scaled.jpg","datePublished":"2025-01-17T10:42:33+00:00","dateModified":"2025-02-05T11:01:44+00:00","breadcrumb":{"@id":"https:\/\/damabe.es\/sobre-nosotros\/#breadcrumb"},"inLanguage":"en-US","potentialAction":[{"@type":"ReadAction","target":["https:\/\/damabe.es\/sobre-nosotros\/"]}]},{"@type":"ImageObject","inLanguage":"en-US","@id":"https:\/\/damabe.es\/sobre-nosotros\/#primaryimage","url":"https:\/\/damabe.es\/wp-content\/uploads\/2025\/01\/seccion-inicio-scaled.jpg","contentUrl":"https:\/\/damabe.es\/wp-content\/uploads\/2025\/01\/seccion-inicio-scaled.jpg"},{"@type":"BreadcrumbList","@id":"https:\/\/damabe.es\/sobre-nosotros\/#breadcrumb","itemListElement":[{"@type":"ListItem","position":1,"name":"Portada","item":"https:\/\/damabe.es\/"},{"@type":"ListItem","position":2,"name":"Sobre nosotros"}]},{"@type":"WebSite","@id":"https:\/\/damabe.es\/#website","url":"https:\/\/damabe.es\/","name":"Damabe","description":"Tienda de ropa","publisher":{"@id":"https:\/\/damabe.es\/#organization"},"potentialAction":[{"@type":"SearchAction","target":{"@type":"EntryPoint","urlTemplate":"https:\/\/damabe.es\/?s={search_term_string}"},"query-input":{"@type":"PropertyValueSpecification","valueRequired":true,"valueName":"search_term_string"}}],"inLanguage":"en-US"},{"@type":"Organization","@id":"https:\/\/damabe.es\/#organization","name":"Damabe","url":"https:\/\/damabe.es\/","logo":{"@type":"ImageObject","inLanguage":"en-US","@id":"https:\/\/damabe.es\/#\/schema\/logo\/image\/","url":"https:\/\/damabe.es\/wp-content\/uploads\/2025\/02\/cropped-logo-leila-damabe-sin-fondo-blanco.png","contentUrl":"https:\/\/damabe.es\/wp-content\/uploads\/2025\/02\/cropped-logo-leila-damabe-sin-fondo-blanco.png","width":498,"height":215,"caption":"Damabe"},"image":{"@id":"https:\/\/damabe.es\/#\/schema\/logo\/image\/"}}]}},"jetpack_sharing_enabled":true,"_links":{"self":[{"href":"https:\/\/damabe.es\/en\/wp-json\/wp\/v2\/pages\/4555","targetHints":{"allow":["GET"]}}],"collection":[{"href":"https:\/\/damabe.es\/en\/wp-json\/wp\/v2\/pages"}],"about":[{"href":"https:\/\/damabe.es\/en\/wp-json\/wp\/v2\/types\/page"}],"author":[{"embeddable":true,"href":"https:\/\/damabe.es\/en\/wp-json\/wp\/v2\/users\/1"}],"replies":[{"embeddable":true,"href":"https:\/\/damabe.es\/en\/wp-json\/wp\/v2\/comments?post=4555"}],"version-history":[{"count":29,"href":"https:\/\/damabe.es\/en\/wp-json\/wp\/v2\/pages\/4555\/revisions"}],"predecessor-version":[{"id":4850,"href":"https:\/\/damabe.es\/en\/wp-json\/wp\/v2\/pages\/4555\/revisions\/4850"}],"wp:attachment":[{"href":"https:\/\/damabe.es\/en\/wp-json\/wp\/v2\/media?parent=4555"}],"curies":[{"name":"wp","href":"https:\/\/api.w.org\/{rel}","templated":true}]}}