{"id":4561,"date":"2025-01-17T11:06:34","date_gmt":"2025-01-17T11:06:34","guid":{"rendered":"https:\/\/dev.damabe.es\/?page_id=4561"},"modified":"2025-02-18T08:55:21","modified_gmt":"2025-02-18T08:55:21","slug":"contacto","status":"publish","type":"page","link":"https:\/\/damabe.es\/en\/contacto\/","title":{"rendered":"Contacto"},"content":{"rendered":"<div data-elementor-type=\"wp-page\" data-elementor-id=\"4561\" class=\"elementor elementor-4561\">\n\t\t\t\t<div class=\"elementor-element elementor-element-4620ed0 e-con-full qodef-elementor-content-grid e-flex wpr-particle-no wpr-jarallax-no wpr-parallax-no wpr-sticky-section-no e-con e-parent\" data-id=\"4620ed0\" data-element_type=\"container\" data-settings=\"{&quot;background_background&quot;:&quot;classic&quot;}\">\n\t\t<div class=\"elementor-element elementor-element-d1fa8ba e-con-full e-flex wpr-particle-no wpr-jarallax-no wpr-parallax-no wpr-sticky-section-no e-con e-child\" data-id=\"d1fa8ba\" data-element_type=\"container\">\n\t\t\t\t<div class=\"elementor-element elementor-element-b3b9184 elementor-widget__width-initial elementor-widget-tablet__width-inherit elementor-widget-mobile__width-inherit elementor-widget elementor-widget-elfrida_core_info_section\" data-id=\"b3b9184\" data-element_type=\"widget\" data-widget_type=\"elfrida_core_info_section.default\">\n\t\t\t\t<div class=\"elementor-widget-container\">\n\t\t\t\t\t<div class=\"qodef-shortcode qodef-m  qodef-info-section qodef-layout--background-text  qodef-background-text-pos--top-left\">\n\t<div class=\"qodef-m-background-text qodef--has-appear\">\n\t\t\t<span class=\"qodef-m-background-text-text\" style=\"color: #F0F0E6\" >\n\t\t<span class=\"qodef--word\" data-word=\"Damabe\"><span class=\"qode--char\" style=\"--qode-i:0\">D<\/span><span class=\"qode--char\" style=\"--qode-i:1\">a<\/span><span class=\"qode--char\" style=\"--qode-i:2\">m<\/span><span class=\"qode--char\" style=\"--qode-i:3\">a<\/span><span class=\"qode--char\" style=\"--qode-i:4\">b<\/span><span class=\"qode--char\" style=\"--qode-i:5\">e<\/span><\/span>\t<\/span>\n\t<\/div>\n\t<div class=\"qodef-m-info\">\n\t\t\t<h3 class=\"qodef-m-title\" >\n\t\tDescubre tu Estilo \u00danico en Damabe\t<\/h3>\n\t\t\t<p class=\"qodef-m-text\" >En Damabe, estamos convencidos de que la ropa no solo cubre el cuerpo, sino que tambi\u00e9n es una extensi\u00f3n de tu personalidad. Cada prenda que ofrecemos est\u00e1 pensada para que puedas expresar qui\u00e9n eres a trav\u00e9s de tu estilo. Sabemos que la moda no solo se trata de seguir tendencias, sino de sentirte c\u00f3modo y seguro en cada momento, ya sea para tu d\u00eda a d\u00eda o para esas ocasiones especiales en las que quieres destacar.\n<\/p>\n\t\t\t<\/div>\n<\/div>\n\t\t\t\t<\/div>\n\t\t\t\t<\/div>\n\t\t\t\t<div class=\"elementor-element elementor-element-8399678 elementor-widget elementor-widget-text-editor\" data-id=\"8399678\" data-element_type=\"widget\" data-widget_type=\"text-editor.default\">\n\t\t\t\t<div class=\"elementor-widget-container\">\n\t\t\t\t\t\t\t\t\t<p>Nuestra colecci\u00f3n est\u00e1 cuidadosamente dise\u00f1ada para ofrecerte prendas modernas, vers\u00e1tiles y con un toque \u00fanico. Buscamos que cada uno de nuestros productos se adapte a tus necesidades y estilo de vida, sin perder de vista la calidad y el confort. Desde looks casuales para un d\u00eda de trabajo o un paseo con amigos, hasta opciones m\u00e1s elegantes para eventos o celebraciones, en Damabe encontrar\u00e1s algo que te har\u00e1 sentir incre\u00edble en todo momento.<\/p><h5>\u00bfQu\u00e9 nos apasiona?<\/h5><p>Adem\u00e1s nos apasiona ofrecer dise\u00f1os exclusivos, creados con atenci\u00f3n a los detalles y materiales de alta calidad. Cada prenda es el resultado de un proceso que combina creatividad, innovaci\u00f3n y un compromiso por brindarte lo mejor. Creemos que tu ropa debe ser una herramienta para resaltar tu esencia, por eso seleccionamos cuidadosamente cada pieza para que, cuando la uses, no solo te sientas c\u00f3modo, sino que tambi\u00e9n te hagas notar.<\/p><p>En Damabe, queremos que encuentres el ejemplo del estilo que se adapta a ti, ese que te hace sentir aut\u00e9ntico y lleno de confianza. Te invitamos a explorar nuestra tienda y descubrir las infinitas posibilidades que tenemos para ti. Ya sea que est\u00e9s buscando algo elegante, casual o simplemente c\u00f3modo, tenemos lo que necesitas para que siempre te veas y te sientas espectacular. \u00a1Atr\u00e9vete a encontrar tu estilo perfecto con nosotros!<\/p><p>Nos apasiona brindarte calidad y dise\u00f1os exclusivos, con atenci\u00f3n a cada detalle. \u00a1Explora nuestra tienda y encuentra tu estilo perfecto!<\/p>\t\t\t\t\t\t\t\t<\/div>\n\t\t\t\t<\/div>\n\t\t\t\t<\/div>\n\t\t<div class=\"elementor-element elementor-element-f5e0312 e-con-full e-flex wpr-particle-no wpr-jarallax-no wpr-parallax-no wpr-sticky-section-no e-con e-child\" data-id=\"f5e0312\" data-element_type=\"container\" data-settings=\"{&quot;background_background&quot;:&quot;classic&quot;}\">\n\t\t\t\t<div class=\"elementor-element elementor-element-a491bdb elementor-widget__width-initial elementor-widget-tablet__width-inherit elementor-widget elementor-widget-elfrida_core_single_image\" data-id=\"a491bdb\" data-element_type=\"widget\" data-widget_type=\"elfrida_core_single_image.default\">\n\t\t\t\t<div class=\"elementor-widget-container\">\n\t\t\t\t\t<div class=\"qodef-shortcode qodef-m  qodef-single-image qodef-layout--default     qodef--has-appear qodef-appear--reveal-from-right\"  >\n\t\t\t<div class=\"qodef-m-image\">\n\t\t\t\t\t\t\t\t<img fetchpriority=\"high\" decoding=\"async\" width=\"914\" height=\"1280\" src=\"https:\/\/damabe.es\/wp-content\/uploads\/2025\/01\/imagen-flores.jpg\" class=\"attachment-full size-full\" alt=\"fondo flores\" srcset=\"https:\/\/damabe.es\/wp-content\/uploads\/2025\/01\/imagen-flores.jpg 914w, https:\/\/damabe.es\/wp-content\/uploads\/2025\/01\/imagen-flores-214x300.jpg 214w, https:\/\/damabe.es\/wp-content\/uploads\/2025\/01\/imagen-flores-731x1024.jpg 731w, https:\/\/damabe.es\/wp-content\/uploads\/2025\/01\/imagen-flores-768x1076.jpg 768w, https:\/\/damabe.es\/wp-content\/uploads\/2025\/01\/imagen-flores-600x840.jpg 600w\" sizes=\"(max-width: 914px) 100vw, 914px\" \/>\t\t\t\t\t\t\t<\/div>\n\t<\/div>\n\t\t\t\t<\/div>\n\t\t\t\t<\/div>\n\t\t\t\t<\/div>\n\t\t\t\t<\/div>\n\t\t<div class=\"elementor-element elementor-element-828453b e-flex e-con-boxed wpr-particle-no wpr-jarallax-no wpr-parallax-no wpr-sticky-section-no e-con e-parent\" data-id=\"828453b\" data-element_type=\"container\">\n\t\t\t\t\t<div class=\"e-con-inner\">\n\t\t\t\t<div class=\"elementor-element elementor-element-d7e55b1 elementor-widget elementor-widget-text-editor\" data-id=\"d7e55b1\" data-element_type=\"widget\" data-widget_type=\"text-editor.default\">\n\t\t\t\t<div class=\"elementor-widget-container\">\n\t\t\t\t\t\t\t\t\t<h4 style=\"text-align: center;\">\u00bfTienes Preguntas? Estamos Aqu\u00ed para Ayudarte<\/h4>\n\n<p style=\"text-align:center\">Utiliza esta p\u00e1gina de contacto para tener un trato mas cercano con nosotros<\/p>\t\t\t\t\t\t\t\t<\/div>\n\t\t\t\t<\/div>\n\t\t\t\t<div class=\"elementor-element elementor-element-8dfed9f elementor-widget elementor-widget-qi_addons_for_elementor_contact_form_7\" data-id=\"8dfed9f\" data-element_type=\"widget\" data-widget_type=\"qi_addons_for_elementor_contact_form_7.default\">\n\t\t\t\t<div class=\"elementor-widget-container\">\n\t\t\t\t\t<div class=\"qodef-shortcode qodef-m qodef-qi-contact-form-7\">\n\t\n<div class=\"wpcf7 no-js\" id=\"wpcf7-f7-o1\" lang=\"es-ES\" dir=\"ltr\" data-wpcf7-id=\"7\">\n<div class=\"screen-reader-response\"><p role=\"status\" aria-live=\"polite\" aria-atomic=\"true\"><\/p> <ul><\/ul><\/div>\n<form action=\"\/en\/wp-json\/wp\/v2\/pages\/4561#wpcf7-f7-o1\" method=\"post\" class=\"wpcf7-form init\" aria-label=\"Formulario de contacto\" novalidate=\"novalidate\" data-status=\"init\" data-trp-original-action=\"\/en\/wp-json\/wp\/v2\/pages\/4561#wpcf7-f7-o1\">\n<fieldset class=\"hidden-fields-container\"><input type=\"hidden\" name=\"_wpcf7\" value=\"7\" \/><input type=\"hidden\" name=\"_wpcf7_version\" value=\"6.1.3\" \/><input type=\"hidden\" name=\"_wpcf7_locale\" value=\"es_ES\" \/><input type=\"hidden\" name=\"_wpcf7_unit_tag\" value=\"wpcf7-f7-o1\" \/><input type=\"hidden\" name=\"_wpcf7_container_post\" value=\"0\" \/><input type=\"hidden\" name=\"_wpcf7_posted_data_hash\" value=\"\" \/>\n<\/fieldset>\n<label> Nombre\n    <span class=\"wpcf7-form-control-wrap\" data-name=\"your-name\"><input size=\"40\" maxlength=\"400\" class=\"wpcf7-form-control wpcf7-text wpcf7-validates-as-required\" autocomplete=\"name\" aria-required=\"true\" aria-invalid=\"false\" value=\"\" type=\"text\" name=\"your-name\" \/><\/span> <\/label>\n\n<label> Correo electronico\n    <span class=\"wpcf7-form-control-wrap\" data-name=\"your-email\"><input size=\"40\" maxlength=\"400\" class=\"wpcf7-form-control wpcf7-email wpcf7-validates-as-required wpcf7-text wpcf7-validates-as-email\" autocomplete=\"email\" aria-required=\"true\" aria-invalid=\"false\" value=\"\" type=\"email\" name=\"your-email\" \/><\/span> <\/label>\n\n<label> Asunto\n    <span class=\"wpcf7-form-control-wrap\" data-name=\"your-subject\"><input size=\"40\" maxlength=\"400\" class=\"wpcf7-form-control wpcf7-text wpcf7-validates-as-required\" aria-required=\"true\" aria-invalid=\"false\" value=\"\" type=\"text\" name=\"your-subject\" \/><\/span> <\/label>\n\n<label> Mensaje (optional)\n    <span class=\"wpcf7-form-control-wrap\" data-name=\"your-message\"><textarea cols=\"40\" rows=\"10\" maxlength=\"2000\" class=\"wpcf7-form-control wpcf7-textarea\" aria-invalid=\"false\" name=\"your-message\"><\/textarea><\/span> <\/label>\n\n<br>\n<span class=\"wpcf7-form-control-wrap\" data-name=\"checkbox-595\"><span class=\"wpcf7-form-control wpcf7-checkbox wpcf7-validates-as-required\"><span class=\"wpcf7-list-item first last\"><label><input type=\"checkbox\" name=\"checkbox-595[]\" value=\"Aceptar T\u00e9rminos y condiciones\" \/><span class=\"wpcf7-list-item-label\">Aceptar T\u00e9rminos y condiciones<\/span><\/label><\/span><\/span><\/span>\n<br>\n\n<button class=\"wpcf7-form-control wpcf7-submit qodef-button qodef-size--normal qodef-layout--filled qodef-m\" type=\"submit\"><span class=\"qodef-m-text\">Contactar<\/span><\/button><p style=\"display: none !important;\" class=\"akismet-fields-container\" data-prefix=\"_wpcf7_ak_\"><label>&#916;<textarea name=\"_wpcf7_ak_hp_textarea\" cols=\"45\" rows=\"8\" maxlength=\"100\"><\/textarea><\/label><input type=\"hidden\" id=\"ak_js_1\" name=\"_wpcf7_ak_js\" value=\"231\"\/><script>document.getElementById( \"ak_js_1\" ).setAttribute( \"value\", ( new Date() ).getTime() );<\/script><\/p><div class=\"wpcf7-response-output\" aria-hidden=\"true\"><\/div>\n<input type=\"hidden\" name=\"trp-form-language\" value=\"en\"\/><\/form>\n<\/div>\n<\/div>\n\t\t\t\t<\/div>\n\t\t\t\t<\/div>\n\t\t\t\t<div class=\"elementor-element elementor-element-7730e21 elementor-widget-divider--view-line elementor-widget elementor-widget-divider\" data-id=\"7730e21\" data-element_type=\"widget\" data-widget_type=\"divider.default\">\n\t\t\t\t<div class=\"elementor-widget-container\">\n\t\t\t\t\t\t\t<div class=\"elementor-divider\">\n\t\t\t<span class=\"elementor-divider-separator\">\n\t\t\t\t\t\t<\/span>\n\t\t<\/div>\n\t\t\t\t\t\t<\/div>\n\t\t\t\t<\/div>\n\t\t\t\t\t<\/div>\n\t\t\t\t<\/div>\n\t\t\t\t<\/div>","protected":false},"excerpt":{"rendered":"<p>Damabe Descubre tu Estilo \u00danico en Damabe En Damabe, estamos convencidos de que la ropa no solo cubre el cuerpo, sino que tambi\u00e9n es una extensi\u00f3n de tu personalidad. Cada prenda que ofrecemos est\u00e1 pensada para que puedas expresar qui\u00e9n eres a trav\u00e9s de tu estilo. Sabemos que la moda no solo se trata de seguir tendencias, sino de sentirte c\u00f3modo y seguro en cada momento, ya sea para tu d\u00eda a d\u00eda o para esas ocasiones especiales en las que quieres destacar. Nuestra colecci\u00f3n est\u00e1 cuidadosamente dise\u00f1ada para ofrecerte prendas modernas, vers\u00e1tiles y con un toque \u00fanico. Buscamos que cada uno de nuestros productos se adapte a tus necesidades y estilo de vida, sin perder de vista la calidad y el confort. Desde looks casuales para un d\u00eda de trabajo o un paseo con amigos, hasta opciones m\u00e1s elegantes para eventos o celebraciones, en Damabe encontrar\u00e1s algo que te har\u00e1 sentir incre\u00edble en todo momento. \u00bfQu\u00e9 nos apasiona? Adem\u00e1s nos apasiona ofrecer dise\u00f1os exclusivos, creados con atenci\u00f3n a los detalles y materiales de alta calidad. Cada prenda es el resultado de un proceso que combina creatividad, innovaci\u00f3n y un compromiso por brindarte lo mejor. Creemos que tu ropa debe ser una herramienta para resaltar tu esencia, por eso seleccionamos cuidadosamente cada pieza para que, cuando la uses, no solo te sientas c\u00f3modo, sino que tambi\u00e9n te hagas notar. En Damabe, queremos que encuentres el ejemplo del estilo que se adapta a ti, ese que te hace sentir aut\u00e9ntico y lleno de confianza. Te invitamos a explorar nuestra tienda y descubrir las infinitas posibilidades que tenemos para ti. Ya sea que est\u00e9s buscando algo elegante, casual o simplemente c\u00f3modo, tenemos lo que necesitas para que siempre te veas y te sientas espectacular. \u00a1Atr\u00e9vete a encontrar tu estilo perfecto con nosotros! Nos apasiona brindarte calidad y dise\u00f1os exclusivos, con atenci\u00f3n a cada detalle. \u00a1Explora nuestra tienda y encuentra tu estilo perfecto! \u00bfTienes Preguntas? Estamos Aqu\u00ed para Ayudarte Utiliza esta p\u00e1gina de contacto para tener un trato mas cercano con nosotros Nombre Correo electronico Asunto Mensaje (optional) Aceptar T\u00e9rminos y condiciones Contactar &#916;<\/p>","protected":false},"author":1,"featured_media":0,"parent":0,"menu_order":0,"comment_status":"closed","ping_status":"closed","template":"page-full-width.php","meta":{"footnotes":""},"class_list":["post-4561","page","type-page","status-publish","hentry"],"yoast_head":"<!-- This site is optimized with the Yoast SEO plugin v26.2 - https:\/\/yoast.com\/wordpress\/plugins\/seo\/ -->\n<title>Contacto - Damabe<\/title>\n<meta name=\"description\" content=\"Utiliza esta p\u00e1gina de contacto para tener un trato mas cercano con nosotros\" \/>\n<meta name=\"robots\" content=\"noindex, follow, max-snippet:-1, max-image-preview:large, max-video-preview:-1\" \/>\n<meta property=\"og:locale\" content=\"en_US\" \/>\n<meta property=\"og:type\" content=\"article\" \/>\n<meta property=\"og:title\" content=\"Contacto - Damabe\" \/>\n<meta property=\"og:description\" content=\"Utiliza esta p\u00e1gina de contacto para tener un trato mas cercano con nosotros\" \/>\n<meta property=\"og:url\" content=\"https:\/\/damabe.es\/en\/contacto\/\" \/>\n<meta property=\"og:site_name\" content=\"Damabe\" \/>\n<meta property=\"article:modified_time\" content=\"2025-02-18T08:55:21+00:00\" \/>\n<meta property=\"og:image\" content=\"https:\/\/damabe.es\/wp-content\/uploads\/2025\/01\/imagen-flores.jpg\" \/>\n<meta name=\"twitter:card\" content=\"summary_large_image\" \/>\n<meta name=\"twitter:label1\" content=\"Est. reading time\" \/>\n\t<meta name=\"twitter:data1\" content=\"2 minutes\" \/>\n<script type=\"application\/ld+json\" class=\"yoast-schema-graph\">{\"@context\":\"https:\/\/schema.org\",\"@graph\":[{\"@type\":\"WebPage\",\"@id\":\"https:\/\/damabe.es\/contacto\/\",\"url\":\"https:\/\/damabe.es\/contacto\/\",\"name\":\"Contacto - Damabe\",\"isPartOf\":{\"@id\":\"https:\/\/damabe.es\/#website\"},\"primaryImageOfPage\":{\"@id\":\"https:\/\/damabe.es\/contacto\/#primaryimage\"},\"image\":{\"@id\":\"https:\/\/damabe.es\/contacto\/#primaryimage\"},\"thumbnailUrl\":\"https:\/\/damabe.es\/wp-content\/uploads\/2025\/01\/imagen-flores.jpg\",\"datePublished\":\"2025-01-17T11:06:34+00:00\",\"dateModified\":\"2025-02-18T08:55:21+00:00\",\"description\":\"Utiliza esta p\u00e1gina de contacto para tener un trato mas cercano con nosotros\",\"breadcrumb\":{\"@id\":\"https:\/\/damabe.es\/contacto\/#breadcrumb\"},\"inLanguage\":\"en-US\",\"potentialAction\":[{\"@type\":\"ReadAction\",\"target\":[\"https:\/\/damabe.es\/contacto\/\"]}]},{\"@type\":\"ImageObject\",\"inLanguage\":\"en-US\",\"@id\":\"https:\/\/damabe.es\/contacto\/#primaryimage\",\"url\":\"https:\/\/damabe.es\/wp-content\/uploads\/2025\/01\/imagen-flores.jpg\",\"contentUrl\":\"https:\/\/damabe.es\/wp-content\/uploads\/2025\/01\/imagen-flores.jpg\"},{\"@type\":\"BreadcrumbList\",\"@id\":\"https:\/\/damabe.es\/contacto\/#breadcrumb\",\"itemListElement\":[{\"@type\":\"ListItem\",\"position\":1,\"name\":\"Portada\",\"item\":\"https:\/\/damabe.es\/\"},{\"@type\":\"ListItem\",\"position\":2,\"name\":\"Contacto\"}]},{\"@type\":\"WebSite\",\"@id\":\"https:\/\/damabe.es\/#website\",\"url\":\"https:\/\/damabe.es\/\",\"name\":\"Damabe\",\"description\":\"Tienda de ropa\",\"publisher\":{\"@id\":\"https:\/\/damabe.es\/#organization\"},\"potentialAction\":[{\"@type\":\"SearchAction\",\"target\":{\"@type\":\"EntryPoint\",\"urlTemplate\":\"https:\/\/damabe.es\/?s={search_term_string}\"},\"query-input\":{\"@type\":\"PropertyValueSpecification\",\"valueRequired\":true,\"valueName\":\"search_term_string\"}}],\"inLanguage\":\"en-US\"},{\"@type\":\"Organization\",\"@id\":\"https:\/\/damabe.es\/#organization\",\"name\":\"Damabe\",\"url\":\"https:\/\/damabe.es\/\",\"logo\":{\"@type\":\"ImageObject\",\"inLanguage\":\"en-US\",\"@id\":\"https:\/\/damabe.es\/#\/schema\/logo\/image\/\",\"url\":\"https:\/\/damabe.es\/wp-content\/uploads\/2025\/02\/cropped-logo-leila-damabe-sin-fondo-blanco.png\",\"contentUrl\":\"https:\/\/damabe.es\/wp-content\/uploads\/2025\/02\/cropped-logo-leila-damabe-sin-fondo-blanco.png\",\"width\":498,\"height\":215,\"caption\":\"Damabe\"},\"image\":{\"@id\":\"https:\/\/damabe.es\/#\/schema\/logo\/image\/\"}}]}<\/script>\n<!-- \/ Yoast SEO plugin. -->","yoast_head_json":{"title":"Contacto - Damabe","description":"Utiliza esta p\u00e1gina de contacto para tener un trato mas cercano con nosotros","robots":{"index":"noindex","follow":"follow","max-snippet":"max-snippet:-1","max-image-preview":"max-image-preview:large","max-video-preview":"max-video-preview:-1"},"og_locale":"en_US","og_type":"article","og_title":"Contacto - Damabe","og_description":"Utiliza esta p\u00e1gina de contacto para tener un trato mas cercano con nosotros","og_url":"https:\/\/damabe.es\/en\/contacto\/","og_site_name":"Damabe","article_modified_time":"2025-02-18T08:55:21+00:00","og_image":[{"url":"https:\/\/damabe.es\/wp-content\/uploads\/2025\/01\/imagen-flores.jpg","type":"","width":"","height":""}],"twitter_card":"summary_large_image","twitter_misc":{"Est. reading time":"2 minutes"},"schema":{"@context":"https:\/\/schema.org","@graph":[{"@type":"WebPage","@id":"https:\/\/damabe.es\/contacto\/","url":"https:\/\/damabe.es\/contacto\/","name":"Contacto - Damabe","isPartOf":{"@id":"https:\/\/damabe.es\/#website"},"primaryImageOfPage":{"@id":"https:\/\/damabe.es\/contacto\/#primaryimage"},"image":{"@id":"https:\/\/damabe.es\/contacto\/#primaryimage"},"thumbnailUrl":"https:\/\/damabe.es\/wp-content\/uploads\/2025\/01\/imagen-flores.jpg","datePublished":"2025-01-17T11:06:34+00:00","dateModified":"2025-02-18T08:55:21+00:00","description":"Utiliza esta p\u00e1gina de contacto para tener un trato mas cercano con nosotros","breadcrumb":{"@id":"https:\/\/damabe.es\/contacto\/#breadcrumb"},"inLanguage":"en-US","potentialAction":[{"@type":"ReadAction","target":["https:\/\/damabe.es\/contacto\/"]}]},{"@type":"ImageObject","inLanguage":"en-US","@id":"https:\/\/damabe.es\/contacto\/#primaryimage","url":"https:\/\/damabe.es\/wp-content\/uploads\/2025\/01\/imagen-flores.jpg","contentUrl":"https:\/\/damabe.es\/wp-content\/uploads\/2025\/01\/imagen-flores.jpg"},{"@type":"BreadcrumbList","@id":"https:\/\/damabe.es\/contacto\/#breadcrumb","itemListElement":[{"@type":"ListItem","position":1,"name":"Portada","item":"https:\/\/damabe.es\/"},{"@type":"ListItem","position":2,"name":"Contacto"}]},{"@type":"WebSite","@id":"https:\/\/damabe.es\/#website","url":"https:\/\/damabe.es\/","name":"Damabe","description":"Tienda de ropa","publisher":{"@id":"https:\/\/damabe.es\/#organization"},"potentialAction":[{"@type":"SearchAction","target":{"@type":"EntryPoint","urlTemplate":"https:\/\/damabe.es\/?s={search_term_string}"},"query-input":{"@type":"PropertyValueSpecification","valueRequired":true,"valueName":"search_term_string"}}],"inLanguage":"en-US"},{"@type":"Organization","@id":"https:\/\/damabe.es\/#organization","name":"Damabe","url":"https:\/\/damabe.es\/","logo":{"@type":"ImageObject","inLanguage":"en-US","@id":"https:\/\/damabe.es\/#\/schema\/logo\/image\/","url":"https:\/\/damabe.es\/wp-content\/uploads\/2025\/02\/cropped-logo-leila-damabe-sin-fondo-blanco.png","contentUrl":"https:\/\/damabe.es\/wp-content\/uploads\/2025\/02\/cropped-logo-leila-damabe-sin-fondo-blanco.png","width":498,"height":215,"caption":"Damabe"},"image":{"@id":"https:\/\/damabe.es\/#\/schema\/logo\/image\/"}}]}},"jetpack_sharing_enabled":true,"_links":{"self":[{"href":"https:\/\/damabe.es\/en\/wp-json\/wp\/v2\/pages\/4561","targetHints":{"allow":["GET"]}}],"collection":[{"href":"https:\/\/damabe.es\/en\/wp-json\/wp\/v2\/pages"}],"about":[{"href":"https:\/\/damabe.es\/en\/wp-json\/wp\/v2\/types\/page"}],"author":[{"embeddable":true,"href":"https:\/\/damabe.es\/en\/wp-json\/wp\/v2\/users\/1"}],"replies":[{"embeddable":true,"href":"https:\/\/damabe.es\/en\/wp-json\/wp\/v2\/comments?post=4561"}],"version-history":[{"count":49,"href":"https:\/\/damabe.es\/en\/wp-json\/wp\/v2\/pages\/4561\/revisions"}],"predecessor-version":[{"id":4962,"href":"https:\/\/damabe.es\/en\/wp-json\/wp\/v2\/pages\/4561\/revisions\/4962"}],"wp:attachment":[{"href":"https:\/\/damabe.es\/en\/wp-json\/wp\/v2\/media?parent=4561"}],"curies":[{"name":"wp","href":"https:\/\/api.w.org\/{rel}","templated":true}]}}